{"id":2450,"date":"2022-09-06T17:48:27","date_gmt":"2022-09-06T21:48:27","guid":{"rendered":"https:\/\/linstitutidee.com\/?page_id=2450"},"modified":"2024-12-05T12:12:39","modified_gmt":"2024-12-05T17:12:39","slug":"equipe","status":"publish","type":"page","link":"https:\/\/linstitutidee.com\/fr\/equipe\/","title":{"rendered":"\u00c9quipe"},"content":{"rendered":"<div class=\"wpb-content-wrapper\"><p>[vc_row bg_type=\u00a0\u00bbbg_color\u00a0\u00bb bg_override=\u00a0\u00bbex-full\u00a0\u00bb css=\u00a0\u00bb.vc_custom_1664287603243{padding-top: 100px !important;padding-bottom: 100px !important;background-color: #f3f9fa !important;}\u00a0\u00bb bg_color_value=\u00a0\u00bb#f3f9fa\u00a0\u00bb][vc_column][vc_column_text css_animation=\u00a0\u00bbfadeInUp\u00a0\u00bb css=\u00a0\u00bb.vc_custom_1669149715267{margin-bottom: 150px !important;}\u00a0\u00bb el_class=\u00a0\u00bbtext-uppercase text-sansserif fw-300&Prime;]<\/p>\n<h1><span style=\"color: #137fa1;\">D\u00c9COUVREZ NOTRE \u00c9QUIPE<\/span><\/h1>\n<p>[\/vc_column_text][vc_row_inner css=\u00a0\u00bb.vc_custom_1664290591735{margin-bottom: 50px !important;}\u00a0\u00bb][vc_column_inner width=\u00a0\u00bb1\/3&Prime; css=\u00a0\u00bb.vc_custom_1664375626532{background-position: center !important;background-repeat: no-repeat !important;background-size: contain !important;}\u00a0\u00bb][vc_single_image image=\u00a0\u00bb1930&Prime; img_size=\u00a0\u00bbfull\u00a0\u00bb alignment=\u00a0\u00bbcenter\u00a0\u00bb css_animation=\u00a0\u00bbfadeInUp\u00a0\u00bb css=\u00a0\u00bb.vc_custom_1666143723959{margin-bottom: 30px !important;}\u00a0\u00bb][\/vc_column_inner][vc_column_inner width=\u00a0\u00bb2\/3&Prime;][vc_column_text css_animation=\u00a0\u00bbfadeInUp\u00a0\u00bb]<\/p>\n<h2><span style=\"color: #137fa1;\">Penelope Fridman<\/span><\/h2>\n<h3><span style=\"color: #137fa1;\">Repense la fa\u00e7on dont les organisations font des affaires<\/span><\/h3>\n<p>&nbsp;<\/p>\n<p><span style=\"font-weight: 400;\">Gr\u00e2ce \u00e0 plus de 20\u00a0ans d\u2019exp\u00e9rience en marketing dans des postes \u00e0 haute responsabilit\u00e9, Penelope apporte \u00e0 chaque projet une perspicacit\u00e9 et un leadership strat\u00e9gique hors du commun.<\/span><\/p>\n<p><span style=\"font-weight: 400;\">En tant que cofondatrice de L\u2019Institut Id\u00e9e, Penelope met son expertise \u00e0 contribution dans un large \u00e9ventail de secteurs et g\u00e9n\u00e8re des retomb\u00e9es positives et marquantes pour des entreprises tant nord-am\u00e9ricaines qu\u2019internationales.\u00a0<\/span><\/p>\n<p><span style=\"font-weight: 400;\">Parmi ses clients mondiaux, elle compte Audi, Sotheby\u2019s International Realty, Greystar, Marriott International, Bausch + Lomb, Hyatt, Henry Ford Health, Humana et Live Nation Entertainment.<\/span>[\/vc_column_text]<div class=\"ult-animation  ult-animate-viewport  ult-no-mobile \" data-animate=\"fadeInUp\" data-animation-delay=\"0\" data-animation-duration=\"1\" data-animation-iteration=\"1\" style=\"opacity:0;\" data-opacity_start_effect=\"\"><div class=\" vc_custom_1664290488280 ubtn-ctn-left btn-li-arrow bg-transparent\"><a class=\"ubtn-link ult-adjust-bottom-margin ubtn-left ubtn-normal btn-li-arrow bg-transparent\" href=\"mailto:pfridman@linstitutidee.com\" title=\"pfridman@linstitutidee.com\" rel=\"nofollow \" ><button type=\"button\" id=\"ubtn-9361\"  class=\"ubtn ult-adjust-bottom-margin ult-responsive ubtn-normal ubtn-no-hover-bg  none  ubtn-sep-icon ubtn-sep-icon-at-right  ubtn-left   tooltip-69d0522d4a597\"  data-hover=\"#ef8b43\" data-border-color=\"\" data-bg=\"rgba(255,255,255,0.01)\" data-hover-bg=\"rgba(0,0,0,0.01)\" data-border-hover=\"\" data-shadow-hover=\"\" data-shadow-click=\"none\" data-shadow=\"\" data-shd-shadow=\"\"  data-ultimate-target='#ubtn-9361'  data-responsive-json-new='{\"font-size\":\"desktop:22px;\",\"line-height\":\"\"}'  style=\"font-family:&#039;Montserrat&#039;;font-weight:bold;border:none;background: rgba(255,255,255,0.01);color: #ef8b43;\"><span class=\"ubtn-data ubtn-icon\"><i class=\"Defaults-angle-right\" style=\"font-size:30px;color:#ef8b43;\"><\/i><\/span><span class=\"ubtn-hover\" style=\"background-color:rgba(0,0,0,0.01)\"><\/span><span class=\"ubtn-data ubtn-text \" >pfridman@linstitutidee.com<\/span><\/button><\/a><\/div><\/div>[\/vc_column_inner][\/vc_row_inner][vc_row_inner css=\u00a0\u00bb.vc_custom_1664290591735{margin-bottom: 50px !important;}\u00a0\u00bb][vc_column_inner width=\u00a0\u00bb1\/3&Prime; css=\u00a0\u00bb.vc_custom_1664375626532{background-position: center !important;background-repeat: no-repeat !important;background-size: contain !important;}\u00a0\u00bb][vc_single_image image=\u00a0\u00bb1932&Prime; img_size=\u00a0\u00bbfull\u00a0\u00bb alignment=\u00a0\u00bbcenter\u00a0\u00bb css_animation=\u00a0\u00bbfadeInUp\u00a0\u00bb css=\u00a0\u00bb.vc_custom_1666143730751{margin-bottom: 30px !important;}\u00a0\u00bb][\/vc_column_inner][vc_column_inner width=\u00a0\u00bb2\/3&Prime;][vc_column_text css_animation=\u00a0\u00bbfadeInUp\u00a0\u00bb]<\/p>\n<h2><span style=\"color: #137fa1;\">Wahn Yoon<\/span><\/h2>\n<h3><span style=\"color: #137fa1;\">D\u00e9fie les conventions de fa\u00e7on r\u00e9fl\u00e9chie<\/span><\/h3>\n<p><span style=\"color: #303d4a;\">Wahn compte plus de 20 ans d\u2019exp\u00e9rience \u00e0 titre de strat\u00e8ge. Il a dirig\u00e9 de nombreux projets transformateurs et porteurs d\u2019un r\u00e9el potentiel de changement, tant en \u00e9laborant une vision pour des entreprises Fortune 100 qu\u2019en concevant des strat\u00e9gies de marque pour des entreprises mondiales et en cr\u00e9ant des campagnes qui red\u00e9finissent les cat\u00e9gories.<\/span><\/p>\n<p>Il a travaill\u00e9 avec des clients tels que Marriott, Audi, Sephora, Live Nation Entertainment, Abbott Labs, Plan International et bien d\u2019autres.<\/p>\n<p>Il est \u00e9galement cofondateur de L\u2019Institut Id\u00e9e et du collectif d\u2019entreprises ind\u00e9pendantes Humanise. Avec son associ\u00e9e Penelope Fridman, il a imagin\u00e9 de nouvelles fa\u00e7ons d\u2019aligner les \u00e9quipes de direction et de d\u00e9finir des orientations strat\u00e9giques originales pour des entreprises du monde entier.[\/vc_column_text]<div class=\"ult-animation  ult-animate-viewport  ult-no-mobile \" data-animate=\"fadeInUp\" data-animation-delay=\"0\" data-animation-duration=\"1\" data-animation-iteration=\"1\" style=\"opacity:0;\" data-opacity_start_effect=\"\"><div class=\" vc_custom_1670869835439 ubtn-ctn-left btn-li-arrow bg-transparent\"><a class=\"ubtn-link ult-adjust-bottom-margin ubtn-left ubtn-normal btn-li-arrow bg-transparent\" href=\"mailto:wyoon@linstitutidee.com\" title=\"wyoon@linstitutidee.com\" rel=\"nofollow \" ><button type=\"button\" id=\"ubtn-7208\"  class=\"ubtn ult-adjust-bottom-margin ult-responsive ubtn-normal ubtn-no-hover-bg  none  ubtn-sep-icon ubtn-sep-icon-at-right  ubtn-left   tooltip-69d0522d4a6bb\"  data-hover=\"#ef8b43\" data-border-color=\"\" data-bg=\"rgba(255,255,255,0.01)\" data-hover-bg=\"rgba(0,0,0,0.01)\" data-border-hover=\"\" data-shadow-hover=\"\" data-shadow-click=\"none\" data-shadow=\"\" data-shd-shadow=\"\"  data-ultimate-target='#ubtn-7208'  data-responsive-json-new='{\"font-size\":\"desktop:22px;\",\"line-height\":\"\"}'  style=\"font-family:&#039;Montserrat&#039;;font-weight:bold;border:none;background: rgba(255,255,255,0.01);color: #ef8b43;\"><span class=\"ubtn-data ubtn-icon\"><i class=\"Defaults-angle-right\" style=\"font-size:30px;color:#ef8b43;\"><\/i><\/span><span class=\"ubtn-hover\" style=\"background-color:rgba(0,0,0,0.01)\"><\/span><span class=\"ubtn-data ubtn-text \" >wahn@linstitutidee.com<\/span><\/button><\/a><\/div><\/div>[\/vc_column_inner][\/vc_row_inner][vc_row_inner css=\u00a0\u00bb.vc_custom_1664290591735{margin-bottom: 50px !important;}\u00a0\u00bb][vc_column_inner width=\u00a0\u00bb1\/3&Prime; css=\u00a0\u00bb.vc_custom_1664375626532{background-position: center !important;background-repeat: no-repeat !important;background-size: contain !important;}\u00a0\u00bb][vc_single_image image=\u00a0\u00bb1934&Prime; img_size=\u00a0\u00bbfull\u00a0\u00bb alignment=\u00a0\u00bbcenter\u00a0\u00bb css_animation=\u00a0\u00bbfadeInUp\u00a0\u00bb css=\u00a0\u00bb.vc_custom_1666143736553{margin-bottom: 30px !important;}\u00a0\u00bb][\/vc_column_inner][vc_column_inner width=\u00a0\u00bb2\/3&Prime;][vc_column_text css_animation=\u00a0\u00bbfadeInUp\u00a0\u00bb]<\/p>\n<h2><span style=\"color: #137fa1;\">Sebastien Faur\u00e9<\/span><\/h2>\n<h3><span style=\"color: #137fa1;\">Trouve des solutions sous tous les angles<\/span><\/h3>\n<p><span style=\"color: #303d4a;\">S\u00e9bastien est un entrepreneur reconnu dans le secteur canadien du marketing et des communications. Il est associ\u00e9 principal chez Bleublancrouge et cofondateur du collectif Humanise, un groupe d\u2019entreprises ind\u00e9pendantes comptant quelque 330 talents. Ensemble, ces entreprises adoptent une approche unique et collaborative pour r\u00e9soudre les probl\u00e8mes de la client\u00e8le et mettre en \u0153uvre des solutions adapt\u00e9es \u00e0 la nouvelle \u00e8re o\u00f9 l\u2019humain est au c\u0153ur de tout. S\u00e9bastien a d\u00e9j\u00e0 fait partie du conseil d\u2019administration de l\u2019\u00c9cole d\u2019Entrepreneurship de Beauce, ainsi que des conseils r\u00e9gional et national de la Young Presidents\u2019 Organization. Il est actuellement membre des conseils consultatifs de South Shore Furniture et du Groupe Park Avenue.<\/span>[\/vc_column_text]<div class=\"ult-animation  ult-animate-viewport  ult-no-mobile \" data-animate=\"fadeInUp\" data-animation-delay=\"0\" data-animation-duration=\"1\" data-animation-iteration=\"1\" style=\"opacity:0;\" data-opacity_start_effect=\"\"><div class=\" vc_custom_1664377092273 ubtn-ctn-left btn-li-arrow bg-transparent\"><a class=\"ubtn-link ult-adjust-bottom-margin ubtn-left ubtn-normal btn-li-arrow bg-transparent\" href=\"mailto:sfaure@linstitutidee.com\" title=\"sfaure@linstitutidee.com\" rel=\"nofollow \" ><button type=\"button\" id=\"ubtn-5983\"  class=\"ubtn ult-adjust-bottom-margin ult-responsive ubtn-normal ubtn-no-hover-bg  none  ubtn-sep-icon ubtn-sep-icon-at-right  ubtn-left   tooltip-69d0522d4a794\"  data-hover=\"#ef8b43\" data-border-color=\"\" data-bg=\"rgba(255,255,255,0.01)\" data-hover-bg=\"rgba(0,0,0,0.01)\" data-border-hover=\"\" data-shadow-hover=\"\" data-shadow-click=\"none\" data-shadow=\"\" data-shd-shadow=\"\"  data-ultimate-target='#ubtn-5983'  data-responsive-json-new='{\"font-size\":\"desktop:22px;\",\"line-height\":\"\"}'  style=\"font-family:&#039;Montserrat&#039;;font-weight:bold;border:none;background: rgba(255,255,255,0.01);color: #ef8b43;\"><span class=\"ubtn-data ubtn-icon\"><i class=\"Defaults-angle-right\" style=\"font-size:30px;color:#ef8b43;\"><\/i><\/span><span class=\"ubtn-hover\" style=\"background-color:rgba(0,0,0,0.01)\"><\/span><span class=\"ubtn-data ubtn-text \" >sfaure@linstitutidee.com<\/span><\/button><\/a><\/div><\/div>[\/vc_column_inner][\/vc_row_inner][vc_row_inner css=\u00a0\u00bb.vc_custom_1664290591735{margin-bottom: 50px !important;}\u00a0\u00bb][vc_column_inner width=\u00a0\u00bb1\/3&Prime; css=\u00a0\u00bb.vc_custom_1664375626532{background-position: center !important;background-repeat: no-repeat !important;background-size: contain !important;}\u00a0\u00bb][vc_single_image image=\u00a0\u00bb1927&Prime; img_size=\u00a0\u00bbfull\u00a0\u00bb alignment=\u00a0\u00bbcenter\u00a0\u00bb css_animation=\u00a0\u00bbfadeInUp\u00a0\u00bb css=\u00a0\u00bb.vc_custom_1666143744589{margin-bottom: 30px !important;}\u00a0\u00bb][\/vc_column_inner][vc_column_inner width=\u00a0\u00bb2\/3&Prime;][vc_column_text css_animation=\u00a0\u00bbfadeInUp\u00a0\u00bb]<\/p>\n<h2><span style=\"color: #137fa1;\">Genevieve Moreau<\/span><\/h2>\n<h3><span style=\"color: #137fa1;\">Favorise la clart\u00e9, l\u2019alignement et la collaboration<\/span><\/h3>\n<p><span style=\"color: #303d4a;\">Genevi\u00e8ve poss\u00e8de une exp\u00e9rience internationale tant du c\u00f4t\u00e9 agence que du c\u00f4t\u00e9 client. Reconnue pour sa capacit\u00e9 \u00e0 rassembler les gens autour des objectifs les plus ambitieux, elle a acquis une vaste exp\u00e9rience de la vision et de la planification strat\u00e9giques, des strat\u00e9gies d\u2019affaires, des programmes de fid\u00e9lisation et des initiatives de gestion du changement. Elle a travaill\u00e9 avec certains des plus grands noms du commerce de d\u00e9tail, du divertissement, des magasins d\u2019alimentation, de la pharmacologie et de la technologie.<\/span><\/p>\n<p>Gr\u00e2ce \u00e0 sa capacit\u00e9 inn\u00e9e \u00e0 toujours faire \u00e9merger le consensus, Genevi\u00e8ve est particuli\u00e8rement dou\u00e9e pour travailler avec des \u00e9quipes interfonctionnelles, o\u00f9 elle encourage la collaboration et aide les talents \u00e0 s\u2019adapter \u00e0 des environnements en constante \u00e9volution.[\/vc_column_text]<div class=\"ult-animation  ult-animate-viewport  ult-no-mobile \" data-animate=\"fadeInUp\" data-animation-delay=\"0\" data-animation-duration=\"1\" data-animation-iteration=\"1\" style=\"opacity:0;\" data-opacity_start_effect=\"\"><div class=\" vc_custom_1664377119261 ubtn-ctn-left btn-li-arrow bg-transparent\"><a class=\"ubtn-link ult-adjust-bottom-margin ubtn-left ubtn-normal btn-li-arrow bg-transparent\" href=\"mailto:gmoreau@linstitutidee.com\" title=\"gmoreau@linstitutidee.com\" rel=\"nofollow \" ><button type=\"button\" id=\"ubtn-8688\"  class=\"ubtn ult-adjust-bottom-margin ult-responsive ubtn-normal ubtn-no-hover-bg  none  ubtn-sep-icon ubtn-sep-icon-at-right  ubtn-left   tooltip-69d0522d4a86b\"  data-hover=\"#ef8b43\" data-border-color=\"\" data-bg=\"rgba(255,255,255,0.01)\" data-hover-bg=\"rgba(0,0,0,0.01)\" data-border-hover=\"\" data-shadow-hover=\"\" data-shadow-click=\"none\" data-shadow=\"\" data-shd-shadow=\"\"  data-ultimate-target='#ubtn-8688'  data-responsive-json-new='{\"font-size\":\"desktop:22px;\",\"line-height\":\"\"}'  style=\"font-family:&#039;Montserrat&#039;;font-weight:bold;border:none;background: rgba(255,255,255,0.01);color: #ef8b43;\"><span class=\"ubtn-data ubtn-icon\"><i class=\"Defaults-angle-right\" style=\"font-size:30px;color:#ef8b43;\"><\/i><\/span><span class=\"ubtn-hover\" style=\"background-color:rgba(0,0,0,0.01)\"><\/span><span class=\"ubtn-data ubtn-text \" >gmoreau@linstitutidee.com<\/span><\/button><\/a><\/div><\/div>[\/vc_column_inner][\/vc_row_inner][vc_row_inner disable_element=\u00a0\u00bbyes\u00a0\u00bb css=\u00a0\u00bb.vc_custom_1733418757357{margin-bottom: 50px !important;}\u00a0\u00bb][vc_column_inner width=\u00a0\u00bb1\/3&Prime; css=\u00a0\u00bb.vc_custom_1664375626532{background-position: center !important;background-repeat: no-repeat !important;background-size: contain !important;}\u00a0\u00bb][vc_single_image image=\u00a0\u00bb2904&Prime; img_size=\u00a0\u00bbfull\u00a0\u00bb alignment=\u00a0\u00bbcenter\u00a0\u00bb css_animation=\u00a0\u00bbfadeInUp\u00a0\u00bb css=\u00a0\u00bb.vc_custom_1682435457905{margin-bottom: 30px !important;}\u00a0\u00bb][\/vc_column_inner][vc_column_inner width=\u00a0\u00bb2\/3&Prime;][vc_column_text css_animation=\u00a0\u00bbfadeInUp\u00a0\u00bb]<\/p>\n<h2><span style=\"color: #137fa1;\">Aryan Abdoli<\/span><\/h2>\n<h3><span style=\"color: #137fa1;\">Conduit avec succ\u00e8s des projets jusqu&rsquo;\u00e0 la ligne d&rsquo;arriv\u00e9e<\/span><\/h3>\n<p>Aryan est un r\u00e9cent dipl\u00f4m\u00e9 de Rotman Commerce \u00e0 l&rsquo;Universit\u00e9 de Toronto, sp\u00e9cialis\u00e9 dans la gestion avec un accent sur la strat\u00e9gie et l&rsquo;innovation. Apr\u00e8s avoir cofond\u00e9 une soci\u00e9t\u00e9 de conseil en sant\u00e9 et s\u00e9curit\u00e9, Aryan apporte \u00e0 L&rsquo;Institut et \u00e0 ses clients son exp\u00e9rience du d\u00e9veloppement des affaires et son esprit d&rsquo;entreprise.<\/p>\n<p>Aryan s&rsquo;appuie sur des approches \u00e0 la fois intuitives et analytiques pour r\u00e9soudre les probl\u00e8mes. En se concentrant sur l&rsquo;identification de mod\u00e8les et en pr\u00eatant attention aux d\u00e9tails, il s&rsquo;assure que les objectifs du projet sont atteints et que les membres de l&rsquo;\u00e9quipe sont align\u00e9s sur les r\u00e9sultats souhait\u00e9s.[\/vc_column_text]<div class=\"ult-animation  ult-animate-viewport  ult-no-mobile \" data-animate=\"fadeInUp\" data-animation-delay=\"0\" data-animation-duration=\"1\" data-animation-iteration=\"1\" style=\"opacity:0;\" data-opacity_start_effect=\"\"><div class=\" vc_custom_1682435878318 ubtn-ctn-left btn-li-arrow bg-transparent\"><a class=\"ubtn-link ult-adjust-bottom-margin ubtn-left ubtn-normal btn-li-arrow bg-transparent\" href=\"mailto:jgreen@linstitutidee.com\" title=\"jgreen@linstitutidee.com\" rel=\"nofollow \" ><button type=\"button\" id=\"ubtn-5679\"  class=\"ubtn ult-adjust-bottom-margin ult-responsive ubtn-normal ubtn-no-hover-bg  none  ubtn-sep-icon ubtn-sep-icon-at-right  ubtn-left   tooltip-69d0522d4a93d\"  data-hover=\"#ef8b43\" data-border-color=\"\" data-bg=\"rgba(255,255,255,0.01)\" data-hover-bg=\"rgba(0,0,0,0.01)\" data-border-hover=\"\" data-shadow-hover=\"\" data-shadow-click=\"none\" data-shadow=\"\" data-shd-shadow=\"\"  data-ultimate-target='#ubtn-5679'  data-responsive-json-new='{\"font-size\":\"desktop:22px;\",\"line-height\":\"\"}'  style=\"font-family:&#039;Montserrat&#039;;font-weight:bold;border:none;background: rgba(255,255,255,0.01);color: #ef8b43;\"><span class=\"ubtn-data ubtn-icon\"><i class=\"Defaults-angle-right\" style=\"font-size:30px;color:#ef8b43;\"><\/i><\/span><span class=\"ubtn-hover\" style=\"background-color:rgba(0,0,0,0.01)\"><\/span><span class=\"ubtn-data ubtn-text \" >aabdoli@linstitutidee.com<\/span><\/button><\/a><\/div><\/div>[\/vc_column_inner][\/vc_row_inner][\/vc_column][\/vc_row][vc_row equal_height=\u00a0\u00bbyes\u00a0\u00bb content_placement=\u00a0\u00bbmiddle\u00a0\u00bb bg_type=\u00a0\u00bbbg_color\u00a0\u00bb bg_override=\u00a0\u00bbex-full\u00a0\u00bb css=\u00a0\u00bb.vc_custom_1664384248176{padding-top: 150px !important;padding-bottom: 150px !important;background-color: #137fa1 !important;}\u00a0\u00bb bg_color_value=\u00a0\u00bb#137fa1&Prime;][vc_column width=\u00a0\u00bb1\/2&Prime;][vc_column_text css_animation=\u00a0\u00bbfadeInUp\u00a0\u00bb el_class=\u00a0\u00bbtext-white\u00a0\u00bb]<\/p>\n<h2>Vous aimeriez faire partie de l\u2019\u00e9quipe?<\/h2>\n<p>\u00c0 L\u2019Institut Id\u00e9e, nous accueillons les personnes curieuses qui pensent plus loin que le bout de leur nez et qui veulent changer les choses ![\/vc_column_text]<div class=\"ult-animation  ult-animate-viewport  ult-no-mobile \" data-animate=\"fadeInUp\" data-animation-delay=\"0\" data-animation-duration=\"1\" data-animation-iteration=\"1\" style=\"opacity:0;\" data-opacity_start_effect=\"\"><div class=\" ubtn-ctn-left rounded-pill\"><a class=\"ubtn-link ult-adjust-bottom-margin ubtn-left ubtn-large rounded-pill\" href=\"\/fr\/contact\/#contact\" title=\"Apply now\" ><button type=\"button\" id=\"ubtn-4983\"  class=\"ubtn ult-adjust-bottom-margin ult-responsive ubtn-large ubtn-no-hover-bg  none  ubtn-left   tooltip-69d0522d4aa26\"  data-hover=\"#206571\" data-border-color=\"\" data-bg=\"#fcbf0d\" data-hover-bg=\"#fcbf0d\" data-border-hover=\"\" data-shadow-hover=\"\" data-shadow-click=\"none\" data-shadow=\"\" data-shd-shadow=\"\"  data-ultimate-target='#ubtn-4983'  data-responsive-json-new='{\"font-size\":\"desktop:22px;\",\"line-height\":\"desktop:32px;\"}'  style=\"font-family:&#039;Montserrat&#039;;font-weight:500;border:none;background: #fcbf0d;color: #206571;\"><span class=\"ubtn-hover\" style=\"background-color:#fcbf0d\"><\/span><span class=\"ubtn-data ubtn-text \" >Postulez ici<\/span><\/button><\/a><\/div><\/div>[\/vc_column][vc_column css_animation=\u00a0\u00bbfadeInUp\u00a0\u00bb width=\u00a0\u00bb1\/2&Prime;][vc_single_image image=\u00a0\u00bb1938&Prime; img_size=\u00a0\u00bbfull\u00a0\u00bb alignment=\u00a0\u00bbcenter\u00a0\u00bb css_animation=\u00a0\u00bbfadeInUp\u00a0\u00bb][\/vc_column][\/vc_row]<\/p>\n<\/div>","protected":false},"excerpt":{"rendered":"<p>[vc_row bg_type=\u00a0\u00bbbg_color\u00a0\u00bb bg_override=\u00a0\u00bbex-full\u00a0\u00bb css=\u00a0\u00bb.vc_custom_1664287603243{padding-top: 100px !important;padding-bottom: 100px !important;background-color: #f3f9fa !important;}\u00a0\u00bb bg_color_value=\u00a0\u00bb#f3f9fa\u00a0\u00bb][vc_column][vc_column_text css_animation=\u00a0\u00bbfadeInUp\u00a0\u00bb css=\u00a0\u00bb.vc_custom_1669149715267{margin-bottom: 150px !important;}\u00a0\u00bb el_class=\u00a0\u00bbtext-uppercase text-sansserif fw-300&Prime;] D\u00c9COUVREZ NOTRE \u00c9QUIPE [\/vc_column_text][vc_row_inner css=\u00a0\u00bb.vc_custom_1664290591735{margin-bottom: 50px !important;}\u00a0\u00bb][vc_column_inner width=\u00a0\u00bb1\/3&Prime; css=\u00a0\u00bb.vc_custom_1664375626532{background-position: center !important;background-repeat: no-repeat !important;background-size: contain !important;}\u00a0\u00bb][vc_single_image image=\u00a0\u00bb1930&Prime; img_size=\u00a0\u00bbfull\u00a0\u00bb alignment=\u00a0\u00bbcenter\u00a0\u00bb css_animation=\u00a0\u00bbfadeInUp\u00a0\u00bb css=\u00a0\u00bb.vc_custom_1666143723959{margin-bottom: 30px !important;}\u00a0\u00bb][\/vc_column_inner][vc_column_inner width=\u00a0\u00bb2\/3&Prime;][vc_column_text css_animation=\u00a0\u00bbfadeInUp\u00a0\u00bb] Penelope Fridman Repense la fa\u00e7on dont les organisations font des affaires &nbsp; Gr\u00e2ce [&hellip;]<\/p>\n","protected":false},"author":1,"featured_media":0,"parent":0,"menu_order":0,"comment_status":"closed","ping_status":"closed","template":"page.php","meta":{"inline_featured_image":false,"footnotes":""},"class_list":["post-2450","page","type-page","status-publish","hentry"],"_links":{"self":[{"href":"https:\/\/linstitutidee.com\/fr\/wp-json\/wp\/v2\/pages\/2450","targetHints":{"allow":["GET"]}}],"collection":[{"href":"https:\/\/linstitutidee.com\/fr\/wp-json\/wp\/v2\/pages"}],"about":[{"href":"https:\/\/linstitutidee.com\/fr\/wp-json\/wp\/v2\/types\/page"}],"author":[{"embeddable":true,"href":"https:\/\/linstitutidee.com\/fr\/wp-json\/wp\/v2\/users\/1"}],"replies":[{"embeddable":true,"href":"https:\/\/linstitutidee.com\/fr\/wp-json\/wp\/v2\/comments?post=2450"}],"version-history":[{"count":17,"href":"https:\/\/linstitutidee.com\/fr\/wp-json\/wp\/v2\/pages\/2450\/revisions"}],"predecessor-version":[{"id":2988,"href":"https:\/\/linstitutidee.com\/fr\/wp-json\/wp\/v2\/pages\/2450\/revisions\/2988"}],"wp:attachment":[{"href":"https:\/\/linstitutidee.com\/fr\/wp-json\/wp\/v2\/media?parent=2450"}],"curies":[{"name":"wp","href":"https:\/\/api.w.org\/{rel}","templated":true}]}}