{"id":2453,"date":"2022-09-28T13:41:15","date_gmt":"2022-09-28T17:41:15","guid":{"rendered":"https:\/\/linstitutidee.com\/?page_id=2453"},"modified":"2023-09-12T10:31:07","modified_gmt":"2023-09-12T14:31:07","slug":"contact","status":"publish","type":"page","link":"https:\/\/linstitutidee.com\/fr\/contact\/","title":{"rendered":"Contact"},"content":{"rendered":"<div class=\"wpb-content-wrapper\"><p>[vc_row full_width=\u00a0\u00bbstretch_row\u00a0\u00bb full_height=\u00a0\u00bbyes\u00a0\u00bb equal_height=\u00a0\u00bbyes\u00a0\u00bb content_placement=\u00a0\u00bbmiddle\u00a0\u00bb bg_type=\u00a0\u00bbimage\u00a0\u00bb parallax_style=\u00a0\u00bbvcpb-vz-jquery\u00a0\u00bb bg_image_new=\u00a0\u00bbid^1944|url^https:\/\/linstitutidee.com\/wp-content\/uploads\/2022\/09\/Lines_SideFrame_Narrow_2-1@2x.png|caption^null|alt^null|title^Lines_SideFrame_Narrow_2 1@2x|description^null\u00a0\u00bb bg_image_repeat=\u00a0\u00bbno-repeat\u00a0\u00bb css=\u00a0\u00bb.vc_custom_1666142881695{padding-top: 150px !important;padding-bottom: 150px !important;background-color: #f3f9fa !important;}\u00a0\u00bb el_id=\u00a0\u00bbpage-contact\u00a0\u00bb][vc_column width=\u00a0\u00bb11\/12&Prime; offset=\u00a0\u00bbvc_col-lg-9 vc_col-md-10 vc_col-xs-12&Prime;][vc_column_text css_animation=\u00a0\u00bbfadeInUp\u00a0\u00bb el_class=\u00a0\u00bbtext-uppercase text-sansserif fw-300&Prime;]<\/p>\n<h1><span style=\"color: #137fa1;\">CONTACTEZ-NOUS<\/span><\/h1>\n<p>[\/vc_column_text][vc_column_text css_animation=\u00a0\u00bbfadeInUp\u00a0\u00bb]<\/p>\n<h3 style=\"margin-bottom: 0!important;\"><span style=\"color: #303d4a;\">Pour les questions d&rsquo;ordre g\u00e9n\u00e9ral et les demandes commerciales, veuillez nous contacter par courrier \u00e9lectronique \u00e0 l&rsquo;adresse suivante :<\/span><\/h3>\n<p>[\/vc_column_text]<div class=\"ult-animation  ult-animate-viewport  ult-no-mobile \" data-animate=\"fadeInUp\" data-animation-delay=\"1.5\" data-animation-duration=\"3\" data-animation-iteration=\"1\" style=\"opacity:0;\" data-opacity_start_effect=\"\"><div class=\" vc_custom_1666141658702 ubtn-ctn-left btn-li-arrow h3\"><a class=\"ubtn-link ult-adjust-bottom-margin ubtn-left ubtn-normal btn-li-arrow h3\" href=\"mailto:info@linstitutidee.com\" title=\"info@linstitutidee.com\" ><button type=\"button\" id=\"ubtn-4513\"  class=\"ubtn ult-adjust-bottom-margin ult-responsive ubtn-normal ubtn-no-hover-bg  none  ubtn-sep-icon ubtn-sep-icon-at-right  ubtn-left   tooltip-69d051938ce10\"  data-hover=\"#ef8b43\" data-border-color=\"\" data-bg=\"rgba(255,255,255,0.01)\" data-hover-bg=\"rgba(0,0,0,0.01)\" data-border-hover=\"\" data-shadow-hover=\"\" data-shadow-click=\"none\" data-shadow=\"\" data-shd-shadow=\"\"  data-ultimate-target='#ubtn-4513'  data-responsive-json-new='{\"font-size\":\"\",\"line-height\":\"\"}'  style=\"font-family:&#039;Montserrat&#039;;font-weight:bold;border:none;background: rgba(255,255,255,0.01);color: #ef8b43;\"><span class=\"ubtn-data ubtn-icon\"><i class=\"Defaults-angle-right\" style=\"font-size:42px;color:#ef8b43;\"><\/i><\/span><span class=\"ubtn-hover\" style=\"background-color:rgba(0,0,0,0.01)\"><\/span><span class=\"ubtn-data ubtn-text \" >info@linstitutidee.com<\/span><\/button><\/a><\/div><\/div>[vc_row_inner css=\u00a0\u00bb.vc_custom_1664390119579{margin-bottom: 150px !important;margin-left: 0px !important;}\u00a0\u00bb el_class=\u00a0\u00bbmx-0&Prime;][vc_column_inner el_class=\u00a0\u00bbcontact-col\u00a0\u00bb width=\u00a0\u00bb1\/2&Prime; css=\u00a0\u00bb.vc_custom_1666142984690{padding-left: 0px !important;}\u00a0\u00bb][vc_column_text css_animation=\u00a0\u00bbfadeInUp\u00a0\u00bb el_class=\u00a0\u00bbtext-slate\u00a0\u00bb]<a href=\"https:\/\/goo.gl\/maps\/qTAhWAbuiL4tUspf8\" target=\"_blank\" rel=\"noopener\"><span style=\"color: #303d4a;\"><strong>TORONTO<\/strong><\/span><br \/>\n<span style=\"color: #303d4a;\">215 Spadina Avenue, #150<\/span><br \/>\n<span style=\"color: #303d4a;\">Toronto, ON \u2022 M5T 2C7<\/span><br \/>\n<\/a>[\/vc_column_text][\/vc_column_inner][vc_column_inner el_class=\u00a0\u00bbcontact-col\u00a0\u00bb width=\u00a0\u00bb1\/2&Prime;][vc_column_text css_animation=\u00a0\u00bbfadeInUp\u00a0\u00bb el_class=\u00a0\u00bbtext-slate\u00a0\u00bb]<a href=\"https:\/\/goo.gl\/maps\/UUP8KVKqRNY6GGiR6\" target=\"_blank\" rel=\"noopener\"><span style=\"color: #303d4a;\"><strong>MONTR\u00c9AL<\/strong><\/span><br \/>\n<span style=\"color: #303d4a;\">780, Avenue Brewster, 4e\u00a0\u00e9tage<\/span><br \/>\n<span style=\"color: #303d4a;\">Montr\u00e9al, QC \u2022 H4C 2K1<\/span><\/a>[\/vc_column_text][\/vc_column_inner][\/vc_row_inner][\/vc_column][vc_column width=\u00a0\u00bb1\/12&Prime; offset=\u00a0\u00bbvc_col-lg-3 vc_col-md-2 vc_col-xs-12&Prime;][\/vc_column][vc_column el_class=\u00a0\u00bbbox-shadow\u00a0\u00bb css=\u00a0\u00bb.vc_custom_1669844009571{padding-top: 125px !important;padding-right: 100px !important;padding-bottom: 125px !important;padding-left: 100px !important;background-color: #ffffff !important;}\u00a0\u00bb el_id=\u00a0\u00bbcontact\u00a0\u00bb][vc_column_text css_animation=\u00a0\u00bbfadeInUp\u00a0\u00bb el_class=\u00a0\u00bbtext-sansserif fw-300&Prime;]<\/p>\n<h1><span style=\"color: #137fa1;\">Vous aimeriez faire partie de l\u2019\u00e9quipe<\/span><\/h1>\n<p>[\/vc_column_text][vc_column_text css_animation=\u00a0\u00bbfadeInUp\u00a0\u00bb]<\/p>\n<h3>Veuillez remplir le formulaire suivant et nous vous contacterons dans les plus brefs d\u00e9lais.<\/h3>\n<p>[\/vc_column_text]\n<div class=\"wpcf7 no-js\" id=\"wpcf7-f2459-o1\" lang=\"fr-FR\" dir=\"ltr\" data-wpcf7-id=\"2459\">\n<div class=\"screen-reader-response\"><p role=\"status\" aria-live=\"polite\" aria-atomic=\"true\"><\/p> <ul><\/ul><\/div>\n<form action=\"\/fr\/wp-json\/wp\/v2\/pages\/2453#wpcf7-f2459-o1\" method=\"post\" class=\"wpcf7-form init\" aria-label=\"Formulaire de contact\" enctype=\"multipart\/form-data\" novalidate=\"novalidate\" data-status=\"init\">\n<fieldset class=\"hidden-fields-container\"><input type=\"hidden\" name=\"_wpcf7\" value=\"2459\" \/><input type=\"hidden\" name=\"_wpcf7_version\" value=\"6.1.4\" \/><input type=\"hidden\" name=\"_wpcf7_locale\" value=\"fr_FR\" \/><input type=\"hidden\" name=\"_wpcf7_unit_tag\" value=\"wpcf7-f2459-o1\" \/><input type=\"hidden\" name=\"_wpcf7_container_post\" value=\"0\" \/><input type=\"hidden\" name=\"_wpcf7_posted_data_hash\" value=\"\" \/><input type=\"hidden\" name=\"_wpcf7_recaptcha_response\" value=\"\" \/>\n<\/fieldset>\n<div class=\"row\">\n\t<div class=\"col-sm-6\">\n\t\t<p><span class=\"wpcf7-form-control-wrap\" data-name=\"first-name\"><input size=\"40\" maxlength=\"400\" class=\"wpcf7-form-control wpcf7-text wpcf7-validates-as-required\" aria-required=\"true\" aria-invalid=\"false\" placeholder=\"Pr\u00e9nom\" value=\"\" type=\"text\" name=\"first-name\" \/><\/span>\n\t\t<\/p>\n\t<\/div>\n\t<div class=\"col-sm-6\">\n\t\t<p><span class=\"wpcf7-form-control-wrap\" data-name=\"last-name\"><input size=\"40\" maxlength=\"400\" class=\"wpcf7-form-control wpcf7-text wpcf7-validates-as-required\" aria-required=\"true\" aria-invalid=\"false\" placeholder=\"Nom\" value=\"\" type=\"text\" name=\"last-name\" \/><\/span>\n\t\t<\/p>\n\t<\/div>\n<\/div>\n<div class=\"row\">\n\t<div class=\"col-sm-6\">\n\t\t<p><span class=\"wpcf7-form-control-wrap\" data-name=\"email\"><input size=\"40\" maxlength=\"400\" class=\"wpcf7-form-control wpcf7-email wpcf7-validates-as-required wpcf7-text wpcf7-validates-as-email\" aria-required=\"true\" aria-invalid=\"false\" placeholder=\"Courriel\" value=\"\" type=\"email\" name=\"email\" \/><\/span>\n\t\t<\/p>\n\t<\/div>\n\t<div class=\"col-sm-6\">\n\t\t<p><span class=\"wpcf7-form-control-wrap\" data-name=\"phone\"><input size=\"40\" maxlength=\"400\" class=\"wpcf7-form-control wpcf7-tel wpcf7-validates-as-required wpcf7-text wpcf7-validates-as-tel\" aria-required=\"true\" aria-invalid=\"false\" placeholder=\"T\u00e9l\u00e9phone\" value=\"\" type=\"tel\" name=\"phone\" \/><\/span>\n\t\t<\/p>\n\t<\/div>\n<\/div>\n<div class=\"row no-float\">\n\t<div class=\"col-sm-6\">\n\t\t<p><span class=\"wpcf7-form-control-wrap\" data-name=\"message\"><textarea cols=\"40\" rows=\"10\" maxlength=\"2000\" class=\"wpcf7-form-control wpcf7-textarea\" aria-invalid=\"false\" placeholder=\"Message\" name=\"message\"><\/textarea><\/span>\n\t\t<\/p>\n\t\t<div class=\"form-upload\">\n\t\t\t<p><span class=\"wpcf7-form-control-wrap\" data-name=\"cv\"><input size=\"40\" class=\"wpcf7-form-control wpcf7-file\" id=\"fileUpload\" accept=\".pdf,.txt,.doc,.docx\" aria-invalid=\"false\" type=\"file\" name=\"cv\" \/><\/span>\n\t\t\t<\/p>\n\t\t<\/div>\n\t<\/div>\n\t<div class=\"col-sm-6\">\n\t\t<div class=\"ubtn-ctn-left rounded-pill animated fadeInUp\" style=\"opacity:1;-webkit-animation-delay:0s;-webkit-animation-duration:1s;-webkit-animation-iteration-count:1; -moz-animation-delay:0s;-moz-animation-duration:1s;-moz-animation-iteration-count:1; animation-delay:0s;animation-duration:1s;animation-iteration-count:1;test\">\n\t\t\t<div class=\"ubtn-link ult-adjust-bottom-margin ubtn-left ubtn-large rounded-pill\" style=\"padding-left:0;\">\n\t\t\t\t<p><button type=\"submit\" id=\"ubtn-6388\" class=\"ubtn ult-adjust-bottom-margin ult-responsive ubtn-large ubtn-no-hover-bg none ubtn-left tooltip-63349911ad086 px-5\" data-hover=\"#206571\" data-border-color=\"\" data-bg=\"#fcbf0d\" data-hover-bg=\"#fcbf0d\" data-border-hover=\"\" data-shadow-hover=\"\" data-shadow-click=\"none\" data-shadow=\"\" data-shd-shadow=\"\" data-ultimate-target=\"#ubtn-6388\" data-responsive-json-new=\"{&quot;font-size&quot;:&quot;desktop:22px;&quot;,&quot;line-height&quot;:&quot;desktop:32px;&quot;}\" style=\"font-family:'Montserrat';font-weight:500;border:none;background: #fcbf0d;color: #206571; margin-top:0!important;\"><span class=\"ubtn-hover\" style=\"background: rgb(252, 191, 13);\"><\/span><span class=\"ubtn-data ubtn-text \">Soumettre<\/span><\/button>\n\t\t\t\t<\/p>\n\t\t\t<\/div>\n\t\t<\/div>\n\t<\/div>\n<\/div><div class=\"wpcf7-response-output\" aria-hidden=\"true\"><\/div>\n<\/form>\n<\/div>\n[\/vc_column][\/vc_row]<\/p>\n<\/div>","protected":false},"excerpt":{"rendered":"<p>[vc_row full_width=\u00a0\u00bbstretch_row\u00a0\u00bb full_height=\u00a0\u00bbyes\u00a0\u00bb equal_height=\u00a0\u00bbyes\u00a0\u00bb content_placement=\u00a0\u00bbmiddle\u00a0\u00bb bg_type=\u00a0\u00bbimage\u00a0\u00bb parallax_style=\u00a0\u00bbvcpb-vz-jquery\u00a0\u00bb bg_image_new=\u00a0\u00bbid^1944|url^https:\/\/linstitutidee.com\/wp-content\/uploads\/2022\/09\/Lines_SideFrame_Narrow_2-1@2x.png|caption^null|alt^null|title^Lines_SideFrame_Narrow_2 1@2x|description^null\u00a0\u00bb bg_image_repeat=\u00a0\u00bbno-repeat\u00a0\u00bb css=\u00a0\u00bb.vc_custom_1666142881695{padding-top: 150px !important;padding-bottom: 150px !important;background-color: #f3f9fa !important;}\u00a0\u00bb el_id=\u00a0\u00bbpage-contact\u00a0\u00bb][vc_column width=\u00a0\u00bb11\/12&Prime; offset=\u00a0\u00bbvc_col-lg-9 vc_col-md-10 vc_col-xs-12&Prime;][vc_column_text css_animation=\u00a0\u00bbfadeInUp\u00a0\u00bb el_class=\u00a0\u00bbtext-uppercase text-sansserif fw-300&Prime;] CONTACTEZ-NOUS [\/vc_column_text][vc_column_text css_animation=\u00a0\u00bbfadeInUp\u00a0\u00bb] Pour les questions d&rsquo;ordre g\u00e9n\u00e9ral et les demandes commerciales, veuillez nous contacter par courrier \u00e9lectronique \u00e0 l&rsquo;adresse suivante : [\/vc_column_text][vc_row_inner css=\u00a0\u00bb.vc_custom_1664390119579{margin-bottom: 150px !important;margin-left: 0px !important;}\u00a0\u00bb el_class=\u00a0\u00bbmx-0&Prime;][vc_column_inner [&hellip;]<\/p>\n","protected":false},"author":1,"featured_media":0,"parent":0,"menu_order":0,"comment_status":"closed","ping_status":"closed","template":"page.php","meta":{"inline_featured_image":false,"footnotes":""},"class_list":["post-2453","page","type-page","status-publish","hentry"],"_links":{"self":[{"href":"https:\/\/linstitutidee.com\/fr\/wp-json\/wp\/v2\/pages\/2453","targetHints":{"allow":["GET"]}}],"collection":[{"href":"https:\/\/linstitutidee.com\/fr\/wp-json\/wp\/v2\/pages"}],"about":[{"href":"https:\/\/linstitutidee.com\/fr\/wp-json\/wp\/v2\/types\/page"}],"author":[{"embeddable":true,"href":"https:\/\/linstitutidee.com\/fr\/wp-json\/wp\/v2\/users\/1"}],"replies":[{"embeddable":true,"href":"https:\/\/linstitutidee.com\/fr\/wp-json\/wp\/v2\/comments?post=2453"}],"version-history":[{"count":9,"href":"https:\/\/linstitutidee.com\/fr\/wp-json\/wp\/v2\/pages\/2453\/revisions"}],"predecessor-version":[{"id":2935,"href":"https:\/\/linstitutidee.com\/fr\/wp-json\/wp\/v2\/pages\/2453\/revisions\/2935"}],"wp:attachment":[{"href":"https:\/\/linstitutidee.com\/fr\/wp-json\/wp\/v2\/media?parent=2453"}],"curies":[{"name":"wp","href":"https:\/\/api.w.org\/{rel}","templated":true}]}}