{"id":2456,"date":"2020-07-08T10:16:15","date_gmt":"2020-07-08T14:16:15","guid":{"rendered":"https:\/\/linstitutidee.com\/?page_id=2456"},"modified":"2022-11-30T17:30:28","modified_gmt":"2022-11-30T22:30:28","slug":"etudes-de-cas","status":"publish","type":"page","link":"https:\/\/linstitutidee.com\/fr\/etudes-de-cas\/","title":{"rendered":"\u00c9tudes de cas"},"content":{"rendered":"<div class=\"wpb-content-wrapper\"><p>[vc_row bg_type=\u00a0\u00bbimage\u00a0\u00bb parallax_style=\u00a0\u00bbvcpb-vz-jquery\u00a0\u00bb bg_image_new=\u00a0\u00bbid^1824|url^https:\/\/linstitutidee.com\/wp-content\/uploads\/2022\/09\/case-studies-waves@2x.png|caption^null|alt^null|title^case-studies-waves@2x|description^null\u00a0\u00bb bg_image_repeat=\u00a0\u00bbno-repeat\u00a0\u00bb bg_override=\u00a0\u00bbex-full\u00a0\u00bb css=\u00a0\u00bb.vc_custom_1663970982888{padding-top: 100px !important;padding-bottom: 266px !important;background-color: #f3f9fa !important;}\u00a0\u00bb][vc_column][vc_custom_heading source=\u00a0\u00bbpost_title\u00a0\u00bb font_container=\u00a0\u00bbtag:h1|text_align:left|color:%23137fa1&Prime; google_fonts=\u00a0\u00bbfont_family:Montserrat%3Aregular%2C700|font_style:400%20regular%3A400%3Anormal\u00a0\u00bb css_animation=\u00a0\u00bbfadeInUp\u00a0\u00bb el_class=\u00a0\u00bbtext-uppercase fw-300&Prime;][vc_column_text css_animation=\u00a0\u00bbfadeInUp\u00a0\u00bb]<\/p>\n<h3>D\u00e9couvrez notre travail<\/h3>\n<p>[\/vc_column_text][vc_empty_space height=\u00a0\u00bb40px\u00a0\u00bb][vc_basic_grid post_type=\u00a0\u00bbcase-studies\u00a0\u00bb max_items=\u00a0\u00bb-1&Prime; show_filter=\u00a0\u00bbyes\u00a0\u00bb orderby=\u00a0\u00bbmenu_order\u00a0\u00bb filter_style=\u00a0\u00bbbordered\u00a0\u00bb filter_align=\u00a0\u00bbleft\u00a0\u00bb item=\u00a0\u00bb1821&Prime; initial_loading_animation=\u00a0\u00bbnone\u00a0\u00bb grid_id=\u00a0\u00bbvc_gid:1669847144339-8765b540-6d47-6&Prime; taxonomies=\u00a0\u00bb41&Prime; filter_source=\u00a0\u00bbportfolio_category\u00a0\u00bb el_id=\u00a0\u00bbcase-studies\u00a0\u00bb][vc_empty_space height=\u00a0\u00bb80px\u00a0\u00bb][\/vc_column][\/vc_row][vc_row bg_type=\u00a0\u00bbbg_color\u00a0\u00bb bg_override=\u00a0\u00bbex-full\u00a0\u00bb bg_color_value=\u00a0\u00bb#137fa1&Prime; css=\u00a0\u00bb.vc_custom_1669340835945{padding-top: 172px !important;padding-bottom: 50px !important;}\u00a0\u00bb el_id=\u00a0\u00bbtemoignages\u00a0\u00bb][vc_column][vc_custom_heading text=\u00a0\u00bbCe que nos clients ont \u00e0 dire\u00a0\u00bb font_container=\u00a0\u00bbtag:h2|text_align:left|color:%23ffffff\u00a0\u00bb google_fonts=\u00a0\u00bbfont_family:Montserrat%3Aregular%2C700|font_style:400%20regular%3A400%3Anormal\u00a0\u00bb css_animation=\u00a0\u00bbfadeInUp\u00a0\u00bb css=\u00a0\u00bb.vc_custom_1669343157449{margin-bottom: 50px !important;}\u00a0\u00bb el_class=\u00a0\u00bbtext-uppercase fw-300&Prime;][\/vc_column][\/vc_row][vc_row full_width=\u00a0\u00bbstretch_row\u00a0\u00bb content_placement=\u00a0\u00bbmiddle\u00a0\u00bb bg_type=\u00a0\u00bbimage\u00a0\u00bb parallax_style=\u00a0\u00bbvcpb-default\u00a0\u00bb bg_image_new=\u00a0\u00bbid^1832|url^https:\/\/linstitutidee.com\/wp-content\/uploads\/2022\/09\/testimonial-bg-shape.svg|caption^null|alt^null|title^testimonial-bg-shape|description^null\u00a0\u00bb bg_image_repeat=\u00a0\u00bbno-repeat\u00a0\u00bb bg_image_size=\u00a0\u00bbcontain\u00a0\u00bb bg_image_posiiton=\u00a0\u00bbcenter\u00a0\u00bb css=\u00a0\u00bb.vc_custom_1669340828490{padding-top: 150px !important;padding-bottom: 150px !important;background-color: #137fa1 !important;background-position: center !important;background-repeat: no-repeat !important;background-size: contain !important;}\u00a0\u00bb][vc_column css_animation=\u00a0\u00bbfadeInUp\u00a0\u00bb]<div id=\"ult-carousel-370738480069d0528dc4345\" class=\"ult-carousel-wrapper  li-testimonials ult_horizontal\" data-gutter=\"15\" data-rtl=\"false\" ><div class=\"ult-carousel-90455254569d0528dc4263 \" >[vc_column_text el_class=\u00a0\u00bbtext-white\u00a0\u00bb]<\/p>\n<blockquote>\n<h2 style=\"text-align: center;\">\u00ab Mon principal d\u00e9fi, en tant que directrice du marketing d\u2019un grand syst\u00e8me de sant\u00e9 int\u00e9gr\u00e9, \u00e9tait d\u2019impliquer mes nombreuses parties prenantes dans une nouvelle strat\u00e9gie de marque. Plus facile \u00e0 dire qu\u2019\u00e0 faire. Heureusement, les m\u00e9thodes uniques de L\u2019Institut m\u2019ont aid\u00e9e \u00e0 un moment crucial. \u00bb<\/h2>\n<\/blockquote>\n<p style=\"text-align: center;\"><strong>Heather Geisler<\/strong><br \/>\n<strong>Premi\u00e8re vice-pr\u00e9sidente et directrice du marketing, de la communication et de l\u2019exp\u00e9rience<\/strong><br \/>\n<strong>Henry Ford Health System<\/strong><\/p>\n<p>[\/vc_column_text][vc_column_text el_class=\u00a0\u00bbtext-white\u00a0\u00bb]<\/p>\n<blockquote>\n<h2 style=\"text-align: center;\">\u00ab L\u2019\u00e9quipe de L\u2019Institut a non seulement jou\u00e9 un r\u00f4le de premier plan dans l\u2019\u00e9laboration d\u2019une nouvelle vision pour notre marque embl\u00e9matique, mais elle a \u00e9galement aid\u00e9 mes leaders en Europe et au Canada \u00e0 renforcer leurs capacit\u00e9s en mati\u00e8re de marketing et de planification strat\u00e9gique. Le travail de L\u2019Institut a \u00e9t\u00e9 un facteur d\u00e9terminant de notre succ\u00e8s. \u00bb<\/h2>\n<\/blockquote>\n<p style=\"text-align: center;\"><strong>Lorenzo Santini CPA, CMA<br \/>\nVice-pr\u00e9sident et directeur g\u00e9n\u00e9ral, Europe de l\u2019Ouest, Canada et Pologne<br \/>\nBausch + Lomb Surgical<\/strong><\/p>\n<p>[\/vc_column_text][vc_column_text el_class=\u00a0\u00bbtext-white\u00a0\u00bb]<\/p>\n<blockquote>\n<h2 style=\"text-align: center;\">\u00ab J\u2019ai fait affaire avec l\u2019\u00e9quipe de L\u2019Institut \u00e0 plusieurs reprises au cours de ma carri\u00e8re pour m\u2019aider \u00e0 d\u00e9finir le positionnement et l\u2019objectif des organisations pour lesquelles j\u2019ai travaill\u00e9. Je recommande L\u2019Institut \u00e0 toutes les entreprises sur le march\u00e9 qui ont un probl\u00e8me complexe n\u00e9cessitant une clart\u00e9 absolue. \u00bb<\/h2>\n<\/blockquote>\n<p style=\"text-align: center;\"><strong>Rem Langan<br \/>\nAncien directeur marketing de McDonald\u2019s, pr\u00e9sident des Manoirs Ronald McDonald<\/strong><\/p>\n<p>[\/vc_column_text][vc_column_text el_class=\u00a0\u00bbtext-white\u00a0\u00bb]<\/p>\n<blockquote>\n<h2 style=\"text-align: center;\">\u00ab Lorsque j\u2019\u00e9tais vice-pr\u00e9sidente mondiale du marketing chez Sotheby\u2019s International Realty, j\u2019ai eu le plaisir de travailler en \u00e9troite collaboration avec L\u2019Institut pour d\u00e9couvrir l\u2019ADN de notre marque avant de cr\u00e9er une campagne de transformation mondiale. Mes cadres et mes meilleurs courtiers et courti\u00e8res ont \u00e9t\u00e9 \u00e9poustoufl\u00e9s par leurs m\u00e9thodes et leur perspicacit\u00e9. \u00bb<\/h2>\n<\/blockquote>\n<p style=\"text-align: center;\"><strong>Isadora Badi<br \/>\nVice-pr\u00e9sidente du marketing<br \/>\nFirstService Residential<\/strong><\/p>\n<p>[\/vc_column_text][vc_column_text el_class=\u00a0\u00bbtext-white\u00a0\u00bb]<\/p>\n<blockquote>\n<h2 style=\"text-align: center;\">\u00ab Chez Plan International Canada, nous essayons de surmonter certains des plus gros d\u00e9fis dans le monde en sollicitant la collaboration d\u2019un grand nombre de parties prenantes de milieux diff\u00e9rents, avec toute la complexit\u00e9 que cela implique. Les strat\u00e8ges de L\u2019Institut ont jou\u00e9 un r\u00f4le central dans notre r\u00e9ussite. Ils ont catalys\u00e9 notre r\u00e9flexion et acc\u00e9l\u00e9r\u00e9 notre capacit\u00e9 \u00e0 g\u00e9n\u00e9rer de v\u00e9ritables grandes id\u00e9es, tout en alignant nos \u00e9quipes en cours de route. Je vous recommande fortement de travailler avec Wahn et Penelope si vous \u00eates \u00e0 la recherche d\u2019id\u00e9es r\u00e9volutionnaires pour relever vos d\u00e9fis organisationnels les plus pressants et les plus complexes. \u00bb<\/h2>\n<\/blockquote>\n<p style=\"text-align: center;\"><strong>Caroline Riseboro<br \/>\nPr\u00e9sidente et directrice g\u00e9n\u00e9rale<br \/>\nPlan International Canada<\/strong><\/p>\n<p>[\/vc_column_text][vc_column_text el_class=\u00a0\u00bbtext-white\u00a0\u00bb]<\/p>\n<blockquote>\n<h2 style=\"text-align: center;\">\u00ab \u00c0 L\u2019Institut il n\u2019y a pas de consultants ou de consultantes : il y a une \u00e9quipe facilitatrice qui donne acc\u00e8s aux grandes id\u00e9es et \u00e0 la strat\u00e9gie, en plus de s\u2019assurer que nous nous approprions et assumons r\u00e9ellement les d\u00e9cisions prises. Leur approche n\u2019est ni g\u00e9n\u00e9rique ni traditionnelle. C\u2019est important de faire confiance au processus; le r\u00e9sultat est \u00e9tonnamment clair. \u00bb<\/h2>\n<\/blockquote>\n<p style=\"text-align: center;\"><strong>Anne Belec<br \/>\nPDG et cofondatrice<br \/>\nMosaic Group, LLC<\/strong><\/p>\n<p>[\/vc_column_text]<\/div><\/div>\t\t\t<script type=\"text\/javascript\">\n\t\t\t\tjQuery(document).ready(function ($) {\n\t\t\t\t\tif( typeof jQuery('.ult-carousel-90455254569d0528dc4263').slick == \"function\"){\n\t\t\t\t\t\t$('.ult-carousel-90455254569d0528dc4263').slick({dots: false,autoplay: true,autoplaySpeed: \"5000\",speed: \"300\",infinite: true,arrows: true,nextArrow: '<button type=\"button\" role=\"button\" aria-label=\"Next\" style=\"color:#fcbf0d; font-size:40px;\" class=\"slick-next default\"><i class=\"ultsl-arrow-right2\"><\/i><\/button>',prevArrow: '<button type=\"button\" role=\"button\" aria-label=\"Previous\" style=\"color:#fcbf0d; font-size:40px;\" class=\"slick-prev default\"><i class=\"ultsl-arrow-left2\"><\/i><\/button>',slidesToScroll:1,slidesToShow:1,swipe: true,draggable: true,touchMove: true,pauseOnHover: true,pauseOnFocus: false,centerMode: true,focusOnSelect: true,adaptiveHeight: true,responsive: [\n\t\t\t\t\t\t\t{\n\t\t\t\t\t\t\t  breakpoint: 1026,\n\t\t\t\t\t\t\t  settings: {\n\t\t\t\t\t\t\t\tslidesToShow: 1,\n\t\t\t\t\t\t\t\tslidesToScroll: 1,  \n\t\t\t\t\t\t\t  }\n\t\t\t\t\t\t\t},\n\t\t\t\t\t\t\t{\n\t\t\t\t\t\t\t  breakpoint: 1025,\n\t\t\t\t\t\t\t  settings: {\n\t\t\t\t\t\t\t\tslidesToShow: 1,\n\t\t\t\t\t\t\t\tslidesToScroll: 1\n\t\t\t\t\t\t\t  }\n\t\t\t\t\t\t\t},\n\t\t\t\t\t\t\t{\n\t\t\t\t\t\t\t  breakpoint: 760,\n\t\t\t\t\t\t\t  settings: {\n\t\t\t\t\t\t\t\tslidesToShow: 1,\n\t\t\t\t\t\t\t\tslidesToScroll: 1\n\t\t\t\t\t\t\t  }\n\t\t\t\t\t\t\t}\n\t\t\t\t\t\t],pauseOnDotsHover: true,customPaging: function(slider, i) {\n                   return '<i type=\"button\" style= \"color:#333333;\" class=\"ultsl-record\" data-role=\"none\"><\/i>';\n                },});\n\t\t\t\t\t}\n\t\t\t\t});\n\t\t\t<\/script>\n\t\t\t[\/vc_column][\/vc_row][vc_row full_width=\u00a0\u00bbstretch_row_content_no_spaces\u00a0\u00bb css=\u00a0\u00bb.vc_custom_1663969985968{background-color: #137fa1 !important;}\u00a0\u00bb][vc_column][vc_empty_space height=\u00a0\u00bb150px\u00a0\u00bb][\/vc_column][\/vc_row]<\/p>\n<\/div>","protected":false},"excerpt":{"rendered":"<p>[vc_row bg_type=\u00a0\u00bbimage\u00a0\u00bb parallax_style=\u00a0\u00bbvcpb-vz-jquery\u00a0\u00bb bg_image_new=\u00a0\u00bbid^1824|url^https:\/\/linstitutidee.com\/wp-content\/uploads\/2022\/09\/case-studies-waves@2x.png|caption^null|alt^null|title^case-studies-waves@2x|description^null\u00a0\u00bb bg_image_repeat=\u00a0\u00bbno-repeat\u00a0\u00bb bg_override=\u00a0\u00bbex-full\u00a0\u00bb css=\u00a0\u00bb.vc_custom_1663970982888{padding-top: 100px !important;padding-bottom: 266px !important;background-color: #f3f9fa !important;}\u00a0\u00bb][vc_column][vc_custom_heading source=\u00a0\u00bbpost_title\u00a0\u00bb font_container=\u00a0\u00bbtag:h1|text_align:left|color:%23137fa1&Prime; google_fonts=\u00a0\u00bbfont_family:Montserrat%3Aregular%2C700|font_style:400%20regular%3A400%3Anormal\u00a0\u00bb css_animation=\u00a0\u00bbfadeInUp\u00a0\u00bb el_class=\u00a0\u00bbtext-uppercase fw-300&Prime;][vc_column_text css_animation=\u00a0\u00bbfadeInUp\u00a0\u00bb] D\u00e9couvrez notre travail [\/vc_column_text][vc_empty_space height=\u00a0\u00bb40px\u00a0\u00bb][vc_basic_grid post_type=\u00a0\u00bbcase-studies\u00a0\u00bb max_items=\u00a0\u00bb-1&Prime; show_filter=\u00a0\u00bbyes\u00a0\u00bb orderby=\u00a0\u00bbmenu_order\u00a0\u00bb filter_style=\u00a0\u00bbbordered\u00a0\u00bb filter_align=\u00a0\u00bbleft\u00a0\u00bb item=\u00a0\u00bb1821&Prime; initial_loading_animation=\u00a0\u00bbnone\u00a0\u00bb grid_id=\u00a0\u00bbvc_gid:1669847144339-8765b540-6d47-6&Prime; taxonomies=\u00a0\u00bb41&Prime; filter_source=\u00a0\u00bbportfolio_category\u00a0\u00bb el_id=\u00a0\u00bbcase-studies\u00a0\u00bb][vc_empty_space height=\u00a0\u00bb80px\u00a0\u00bb][\/vc_column][\/vc_row][vc_row bg_type=\u00a0\u00bbbg_color\u00a0\u00bb bg_override=\u00a0\u00bbex-full\u00a0\u00bb bg_color_value=\u00a0\u00bb#137fa1&Prime; css=\u00a0\u00bb.vc_custom_1669340835945{padding-top: 172px !important;padding-bottom: 50px !important;}\u00a0\u00bb el_id=\u00a0\u00bbtemoignages\u00a0\u00bb][vc_column][vc_custom_heading text=\u00a0\u00bbCe que nos clients ont \u00e0 dire\u00a0\u00bb font_container=\u00a0\u00bbtag:h2|text_align:left|color:%23ffffff\u00a0\u00bb [&hellip;]<\/p>\n","protected":false},"author":1,"featured_media":0,"parent":0,"menu_order":0,"comment_status":"closed","ping_status":"closed","template":"page.php","meta":{"inline_featured_image":false,"footnotes":""},"class_list":["post-2456","page","type-page","status-publish","hentry"],"_links":{"self":[{"href":"https:\/\/linstitutidee.com\/fr\/wp-json\/wp\/v2\/pages\/2456","targetHints":{"allow":["GET"]}}],"collection":[{"href":"https:\/\/linstitutidee.com\/fr\/wp-json\/wp\/v2\/pages"}],"about":[{"href":"https:\/\/linstitutidee.com\/fr\/wp-json\/wp\/v2\/types\/page"}],"author":[{"embeddable":true,"href":"https:\/\/linstitutidee.com\/fr\/wp-json\/wp\/v2\/users\/1"}],"replies":[{"embeddable":true,"href":"https:\/\/linstitutidee.com\/fr\/wp-json\/wp\/v2\/comments?post=2456"}],"version-history":[{"count":17,"href":"https:\/\/linstitutidee.com\/fr\/wp-json\/wp\/v2\/pages\/2456\/revisions"}],"predecessor-version":[{"id":2856,"href":"https:\/\/linstitutidee.com\/fr\/wp-json\/wp\/v2\/pages\/2456\/revisions\/2856"}],"wp:attachment":[{"href":"https:\/\/linstitutidee.com\/fr\/wp-json\/wp\/v2\/media?parent=2456"}],"curies":[{"name":"wp","href":"https:\/\/api.w.org\/{rel}","templated":true}]}}